{"id":549,"date":"2017-01-10T15:51:33","date_gmt":"2017-01-10T15:51:33","guid":{"rendered":"https:\/\/www.champlaincanada.com\/fr\/?page_id=549"},"modified":"2022-12-21T16:05:28","modified_gmt":"2022-12-21T16:05:28","slug":"strategie","status":"publish","type":"page","link":"https:\/\/www.champlaincanada.com\/fr\/strategie\/","title":{"rendered":"STRAT\u00c9GIE"},"content":{"rendered":"<p>\t\t\t\t<img decoding=\"async\" src=\"https:\/\/www.champlaincanada.com\/wp-content\/uploads\/2017\/01\/strategie.jpg\" alt=\"strategie\" itemprop=\"image\"  \/><\/p>\n<h2>\n\t\tNotre strat\u00e9gie<br \/>\n\t<\/h2>\n<p>Notre strat\u00e9gie consiste \u00e0 cr\u00e9er des \u00ab histoires uniques \u00bb bas\u00e9es sur 4 principes-cl\u00e9s :<\/p>\n<p><strong>Rechercher activement des situations uniques<\/strong><\/p>\n<ul>\n<li>Rechercher des soci\u00e9t\u00e9s ayant un potentiel de croissance unique<\/li>\n<li>Cibler le march\u00e9 des soci\u00e9t\u00e9s avec un BAIIA de 3 $ \u00e0 20 millions $<\/li>\n<li>D\u00e9nicher des opportunit\u00e9s uniques de mani\u00e8re proactive en exploitant notre vaste r\u00e9seau de relations d\u2019affaires et en appliquant un regard plus global sur nos secteurs de march\u00e9 vis\u00e9s<\/li>\n<\/ul>\n<p>&nbsp;<\/p>\n<p><strong>B\u00e2tir l\u2019envergure du portefeuille<\/strong><\/p>\n<ul>\n<li>B\u00e2tir l\u2019envergure des soci\u00e9t\u00e9s de portefeuille par des acquisitions compl\u00e9mentaires et strat\u00e9giques<\/li>\n<li>Professionnaliser l\u2019\u00e9quipe de direction des soci\u00e9t\u00e9s de portefeuille au moment de l\u2019acquisition ou peu apr\u00e8s par l\u2019implication active de nos partenaires op\u00e9rationnels et le recrutement de talent ex\u00e9cutif suppl\u00e9mentaire, tel que requis<\/li>\n<\/ul>\n<p>&nbsp;<\/p>\n<p><strong>Se concentrer sur des principes de base solides<\/strong><\/p>\n<ul>\n<li>Cibler des soci\u00e9t\u00e9s qui ont une base d\u2019industrie solide et un historique de rentabilit\u00e9<\/li>\n<li>Privil\u00e9gier des \u00e9quipes de direction solides d\u00e9j\u00e0 en place ou disponibles pour se joindre au projet lors de la transaction, sont des pr\u00e9-requis \u00e0 notre investissement<\/li>\n<\/ul>\n<p>&nbsp;<\/p>\n<p><strong>Planifier activement la sortie<\/strong><\/p>\n<ul>\n<li>Viser un horizon de dur\u00e9e de vie d\u2019investissement de 5 \u00e0 7 ans<\/li>\n<li>Combiner des processus hautement cibl\u00e9s de vente aux ench\u00e8res et autres alternatives de march\u00e9 de capitaux pour effectuer les sorties<\/li>\n<\/ul>\n<p>\t\t\t<a href=\"https:\/\/www.champlaincanada.com\/fr\/portefeuille\/\" target=\"_self\" role=\"button\"><br \/>\n\t\t\t\t\t\t\tEn savoir plus<br \/>\n\t\t\t\t\t<\/a><br \/>\n\t\n  \t<div class=\"title_text_form_img\">\n\n\t\t<div class=\"container-fluid\">\n\n\t\t\t\n\t\t\t<div class=\"col-lg-6 col-md-6 col-sm-12 col-xs-12\">\n\n\t\t\t\t<div class=\"frm_forms  with_frm_style frm_style_formidable-style\" id=\"frm_form_2_container\" >\n<form enctype=\"multipart\/form-data\" method=\"post\" class=\"frm-show-form  frm_js_validate  frm_ajax_submit \" id=\"form_1ayb4b\" >\n<div class=\"frm_form_fields \">\n<fieldset>\n<legend class=\"frm_hidden\">Contactez<span> nous<\/span><\/legend>\r\n<h2>Contactez<span> nous<\/span><\/h2>\r\n<div class=\"frm_fields_container\">\n<input type=\"hidden\" name=\"frm_action\" value=\"create\" \/>\n<input type=\"hidden\" name=\"form_id\" value=\"2\" \/>\n<input type=\"hidden\" name=\"frm_hide_fields_2\" id=\"frm_hide_fields_2\" value=\"\" \/>\n<input type=\"hidden\" name=\"form_key\" value=\"1ayb4b\" \/>\n<input type=\"hidden\" name=\"item_meta[0]\" value=\"\" \/>\n<input type=\"hidden\" id=\"frm_submit_entry_2\" name=\"frm_submit_entry_2\" value=\"5b56d74425\" \/><input type=\"hidden\" name=\"_wp_http_referer\" value=\"\/fr\/wp-json\/wp\/v2\/pages\/549\" \/><div id=\"frm_field_8_container\" class=\"frm_form_field form-field  frm_required_field frm_top_container frm_third frm_first\">\r\n    <input type=\"text\" id=\"field_o3lbin\" name=\"item_meta[8]\" value=\"\"  placeholder=\"Name\" data-reqmsg=\"Ce champ ne peut \u00eatre vide.\" aria-required=\"true\" data-invmsg=\"Single Line Text est non valide\" aria-invalid=\"false\"  \/>\r\n    \r\n    \r\n<\/div>\n<div id=\"frm_field_17_container\" class=\"frm_form_field form-field  frm_required_field frm_top_container frm_third\">\r\n    <input type=\"text\" id=\"field_g1va04\" name=\"item_meta[17]\" value=\"\"  placeholder=\"Company\" data-reqmsg=\"Ce champ ne peut \u00eatre vide.\" aria-required=\"true\" data-invmsg=\"Single Line Text est non valide\" aria-invalid=\"false\"  \/>\r\n    \r\n    \r\n<\/div>\n<div id=\"frm_field_10_container\" class=\"frm_form_field form-field  frm_required_field frm_top_container frm_third\">\r\n    <input type=\"email\" id=\"field_llsy5y\" name=\"item_meta[10]\" value=\"\"  placeholder=\"Email\" data-reqmsg=\"Ce champ ne peut \u00eatre vide.\" aria-required=\"true\" data-invmsg=\"Votre courriel est invalide\" aria-invalid=\"false\"  \/>\r\n    \r\n    \r\n<\/div>\n<div id=\"frm_field_86_container\" class=\"frm_form_field form-field  frm_required_field frm_top_container\">\r\n    <textarea name=\"item_meta[86]\" id=\"field_seqli\" rows=\"5\"  placeholder=\"Message\" data-reqmsg=\"Ce champ ne peut \u00eatre vide.\" aria-required=\"true\" data-invmsg=\"Paragraph Text est non valide\" aria-invalid=\"false\"  ><\/textarea>\r\n    \r\n    \r\n<\/div>\n<input type=\"hidden\" id=\"field_u991e\" name=\"item_meta[88]\" value=\"[get_current_language]\"  data-frmval=\"[get_current_language]\"  \/><div id=\"frm_field_89_container\" class=\"frm_form_field form-field \">\n\t<div class=\"frm_submit\">\r\n\r\n<input type=\"submit\" value=\"Send\"  \/>\r\n<img decoding=\"async\" class=\"frm_ajax_loading\" src=\"https:\/\/www.champlaincanada.com\/wp-content\/plugins\/formidable\/images\/ajax_loader.gif\" alt=\"Sending\"\/>\r\n\r\n<\/div>\n<\/div>\n\t<input type=\"hidden\" name=\"item_key\" value=\"\" \/>\n\t\t\t\t<div class=\"frm__67c01df24b920\">\n\t\t\t\t<label for=\"frm_email_2\" >\n\t\t\t\t\tSi vous \u00eates un humain, ne remplissez pas ce champ.\t\t\t\t<\/label>\n\t\t\t\t<input  id=\"frm_email_2\" type=\"text\" class=\"frm_verify\" name=\"frm__67c01df24b920\" value=\"\" autocomplete=\"off\"  \/>\n\t\t\t<\/div>\n\t\t<input name=\"frm_state\" type=\"hidden\" value=\"mTleWFxmNHAHbtnW9te13w0\/AbH+T\/WkTnQAZLYiHRg=\" \/><div id=\"frm_field_hnypt\" class=\"form-field  frm_top_container\" style=\"display: none;\">Please leave this blank<label class=\"frm_primary_label\"><\/label><input type=\"text\" name=\"firstname_hnypt\" id=\"firstname_hnypt\" value=\"\" \/><\/div><\/div>\n<\/fieldset>\n<\/div>\n\n<\/form>\n<\/div>\n\n\n\t\t\t<\/div>\n\n\t\t\t<div class=\"col-lg-6 col-md-6 col-sm-12 col-xs-12\">\n\n\t\t\t\t\n\t\t\t\t<img decoding=\"async\" src=\"https:\/\/www.champlaincanada.com\/wp-content\/uploads\/2016\/09\/Dollarphotoclub_73643752.jpg\">\n\n\t\t\t<\/div>\n\n\t\t<\/div>\n\n\t<\/div>\n\n  <\/p>\n<h2>\n\t\tT\u00c9MOIGAGES<br \/>\n\t<\/h2>\n\n  \t<div class=\"testimonial-slider\">\n\n\t  \t\n\t\t\t\t<div>\n\n\t\t\t\t\t<div class=\"testimonial-content\"><p>Lorem Ipsum is simply dummy text of the printing and typesetting industry. Lorem Ipsum has been the industry&rsquo;s standard dummy text ever since the 1500s, when an unknown printer took a galley of type and scrambled it to make a type specimen book. It has survived not only five centuries, but also the leap into electronic typesetting, remaining essentially unchanged. It was popularised in the 1960s with the release of Letraset sheets containing Lorem Ipsum passages, and more recently with desktop publishing software like Aldus PageMaker including versions of Lorem Ipsum.<\/p>\n<\/div>\n\n\t\t\t\t\t<div class=\"testimonial-title\">\n\n\t\t\t\t\t\t<span>Testimonial 03 Fr<\/span>\n\t\t\t\t\t\n\t\t\t\t\t\t<span class=\"role\"> - <p>Ceo<\/p>\n<\/span>\n\n\t\t\t\t\t<\/div>\n\n\t\t\t\t<\/div>\n\n\t\t\t\n\t\t\t\t<div>\n\n\t\t\t\t\t<div class=\"testimonial-content\"><p>Lorem Ipsum is simply dummy text of the printing and typesetting industry. Lorem Ipsum has been the industry&rsquo;s standard dummy text ever since the 1500s, when an unknown printer took a galley of type and scrambled it to make a type specimen book. It has survived not only five centuries, but also the leap into electronic typesetting, remaining essentially unchanged. It was popularised in the 1960s with the release of Letraset sheets containing Lorem Ipsum passages, and more recently with desktop publishing software like Aldus PageMaker including versions of Lorem Ipsum.<\/p>\n<\/div>\n\n\t\t\t\t\t<div class=\"testimonial-title\">\n\n\t\t\t\t\t\t<span>Testimonial 02 Fr<\/span>\n\t\t\t\t\t\n\t\t\t\t\t\t<span class=\"role\"> - Ceo<\/span>\n\n\t\t\t\t\t<\/div>\n\n\t\t\t\t<\/div>\n\n\t\t\t\n\t\t\t\t<div>\n\n\t\t\t\t\t<div class=\"testimonial-content\"><p>Lorem Ipsum is simply dummy text of the printing and typesetting industry. Lorem Ipsum has been the industry&rsquo;s standard dummy text ever since the 1500s, when an unknown printer took a galley of type and scrambled it to make a type specimen book. It has survived not only five centuries, but also the leap into electronic typesetting, remaining essentially unchanged. It was popularised in the 1960s with the release of Letraset sheets containing Lorem Ipsum passages, and more recently with desktop publishing software like Aldus PageMaker including versions of Lorem Ipsum.<\/p>\n<\/div>\n\n\t\t\t\t\t<div class=\"testimonial-title\">\n\n\t\t\t\t\t\t<span>Testimonial 01 Fr<\/span>\n\t\t\t\t\t\n\t\t\t\t\t\t<span class=\"role\"> - Ceo<\/span>\n\n\t\t\t\t\t<\/div>\n\n\t\t\t\t<\/div>\n\n\t\t\t\n\t<\/div> \n\n  \n","protected":false},"excerpt":{"rendered":"<p>Notre strat\u00e9gie Notre strat\u00e9gie consiste \u00e0 cr\u00e9er des \u00ab histoires uniques \u00bb bas\u00e9es sur 4 principes-cl\u00e9s : Rechercher activement des situations uniques Rechercher des soci\u00e9t\u00e9s ayant un potentiel de croissance unique Cibler le march\u00e9 des soci\u00e9t\u00e9s avec un BAIIA de 3 $ \u00e0 20 millions $ D\u00e9nicher des opportunit\u00e9s uniques de mani\u00e8re proactive en exploitant notre vaste r\u00e9seau de relations d\u2019affaires et en appliquant un regard plus global sur nos&#8230; <a href=\"https:\/\/www.champlaincanada.com\/fr\/testimonial\/testimonial-01-fr\/\" class=\"more-link\" >Lire la suite &raquo;<\/a><\/p>\n","protected":false},"author":2,"featured_media":0,"parent":0,"menu_order":0,"comment_status":"closed","ping_status":"closed","template":"","meta":{"_acf_changed":false,"footnotes":""},"class_list":["post-549","page","type-page","status-publish","hentry"],"acf":[],"yoast_head":"<!-- This site is optimized with the Yoast SEO plugin v24.5 - https:\/\/yoast.com\/wordpress\/plugins\/seo\/ -->\n<title>STRAT\u00c9GIE - Champlain<\/title>\n<meta name=\"robots\" content=\"index, follow, max-snippet:-1, max-image-preview:large, max-video-preview:-1\" \/>\n<link rel=\"canonical\" href=\"https:\/\/www.champlaincanada.com\/fr\/strategie\/\" \/>\n<meta property=\"og:locale\" content=\"fr_FR\" \/>\n<meta property=\"og:type\" content=\"article\" \/>\n<meta property=\"og:title\" content=\"STRAT\u00c9GIE - Champlain\" \/>\n<meta property=\"og:description\" content=\"Notre strat\u00e9gie Notre strat\u00e9gie consiste \u00e0 cr\u00e9er des \u00ab histoires uniques \u00bb bas\u00e9es sur 4 principes-cl\u00e9s : Rechercher activement des situations uniques Rechercher des soci\u00e9t\u00e9s ayant un potentiel de croissance unique Cibler le march\u00e9 des soci\u00e9t\u00e9s avec un BAIIA de 3 $ \u00e0 20 millions $ D\u00e9nicher des opportunit\u00e9s uniques de mani\u00e8re proactive en exploitant notre vaste r\u00e9seau de relations d\u2019affaires et en appliquant un regard plus global sur nos... Lire la suite &raquo;\" \/>\n<meta property=\"og:url\" content=\"https:\/\/www.champlaincanada.com\/fr\/strategie\/\" \/>\n<meta property=\"og:site_name\" content=\"Champlain\" \/>\n<meta property=\"article:modified_time\" content=\"2022-12-21T16:05:28+00:00\" \/>\n<meta property=\"og:image\" content=\"https:\/\/www.champlaincanada.com\/wp-content\/uploads\/2017\/01\/strategie.jpg\" \/>\n<meta name=\"twitter:label1\" content=\"Dur\u00e9e de lecture estim\u00e9e\" \/>\n\t<meta name=\"twitter:data1\" content=\"1 minute\" \/>\n<script type=\"application\/ld+json\" class=\"yoast-schema-graph\">{\"@context\":\"https:\/\/schema.org\",\"@graph\":[{\"@type\":\"WebPage\",\"@id\":\"https:\/\/www.champlaincanada.com\/fr\/strategie\/\",\"url\":\"https:\/\/www.champlaincanada.com\/fr\/strategie\/\",\"name\":\"STRAT\u00c9GIE - Champlain\",\"isPartOf\":{\"@id\":\"https:\/\/www.champlaincanada.com\/#website\"},\"primaryImageOfPage\":{\"@id\":\"https:\/\/www.champlaincanada.com\/fr\/strategie\/#primaryimage\"},\"image\":{\"@id\":\"https:\/\/www.champlaincanada.com\/fr\/strategie\/#primaryimage\"},\"thumbnailUrl\":\"https:\/\/www.champlaincanada.com\/wp-content\/uploads\/2017\/01\/strategie.jpg\",\"datePublished\":\"2017-01-10T15:51:33+00:00\",\"dateModified\":\"2022-12-21T16:05:28+00:00\",\"breadcrumb\":{\"@id\":\"https:\/\/www.champlaincanada.com\/fr\/strategie\/#breadcrumb\"},\"inLanguage\":\"fr-FR\",\"potentialAction\":[{\"@type\":\"ReadAction\",\"target\":[\"https:\/\/www.champlaincanada.com\/fr\/strategie\/\"]}]},{\"@type\":\"ImageObject\",\"inLanguage\":\"fr-FR\",\"@id\":\"https:\/\/www.champlaincanada.com\/fr\/strategie\/#primaryimage\",\"url\":\"https:\/\/www.champlaincanada.com\/wp-content\/uploads\/2017\/01\/strategie.jpg\",\"contentUrl\":\"https:\/\/www.champlaincanada.com\/wp-content\/uploads\/2017\/01\/strategie.jpg\"},{\"@type\":\"BreadcrumbList\",\"@id\":\"https:\/\/www.champlaincanada.com\/fr\/strategie\/#breadcrumb\",\"itemListElement\":[{\"@type\":\"ListItem\",\"position\":1,\"name\":\"Home\",\"item\":\"https:\/\/www.champlaincanada.com\/fr\/\"},{\"@type\":\"ListItem\",\"position\":2,\"name\":\"STRAT\u00c9GIE\"}]},{\"@type\":\"WebSite\",\"@id\":\"https:\/\/www.champlaincanada.com\/#website\",\"url\":\"https:\/\/www.champlaincanada.com\/\",\"name\":\"Champlain\",\"description\":\"Website\",\"potentialAction\":[{\"@type\":\"SearchAction\",\"target\":{\"@type\":\"EntryPoint\",\"urlTemplate\":\"https:\/\/www.champlaincanada.com\/?s={search_term_string}\"},\"query-input\":{\"@type\":\"PropertyValueSpecification\",\"valueRequired\":true,\"valueName\":\"search_term_string\"}}],\"inLanguage\":\"fr-FR\"}]}<\/script>\n<!-- \/ Yoast SEO plugin. -->","yoast_head_json":{"title":"STRAT\u00c9GIE - Champlain","robots":{"index":"index","follow":"follow","max-snippet":"max-snippet:-1","max-image-preview":"max-image-preview:large","max-video-preview":"max-video-preview:-1"},"canonical":"https:\/\/www.champlaincanada.com\/fr\/strategie\/","og_locale":"fr_FR","og_type":"article","og_title":"STRAT\u00c9GIE - Champlain","og_description":"Notre strat\u00e9gie Notre strat\u00e9gie consiste \u00e0 cr\u00e9er des \u00ab histoires uniques \u00bb bas\u00e9es sur 4 principes-cl\u00e9s : Rechercher activement des situations uniques Rechercher des soci\u00e9t\u00e9s ayant un potentiel de croissance unique Cibler le march\u00e9 des soci\u00e9t\u00e9s avec un BAIIA de 3 $ \u00e0 20 millions $ D\u00e9nicher des opportunit\u00e9s uniques de mani\u00e8re proactive en exploitant notre vaste r\u00e9seau de relations d\u2019affaires et en appliquant un regard plus global sur nos... Lire la suite &raquo;","og_url":"https:\/\/www.champlaincanada.com\/fr\/strategie\/","og_site_name":"Champlain","article_modified_time":"2022-12-21T16:05:28+00:00","og_image":[{"url":"https:\/\/www.champlaincanada.com\/wp-content\/uploads\/2017\/01\/strategie.jpg","type":"","width":"","height":""}],"twitter_misc":{"Dur\u00e9e de lecture estim\u00e9e":"1 minute"},"schema":{"@context":"https:\/\/schema.org","@graph":[{"@type":"WebPage","@id":"https:\/\/www.champlaincanada.com\/fr\/strategie\/","url":"https:\/\/www.champlaincanada.com\/fr\/strategie\/","name":"STRAT\u00c9GIE - Champlain","isPartOf":{"@id":"https:\/\/www.champlaincanada.com\/#website"},"primaryImageOfPage":{"@id":"https:\/\/www.champlaincanada.com\/fr\/strategie\/#primaryimage"},"image":{"@id":"https:\/\/www.champlaincanada.com\/fr\/strategie\/#primaryimage"},"thumbnailUrl":"https:\/\/www.champlaincanada.com\/wp-content\/uploads\/2017\/01\/strategie.jpg","datePublished":"2017-01-10T15:51:33+00:00","dateModified":"2022-12-21T16:05:28+00:00","breadcrumb":{"@id":"https:\/\/www.champlaincanada.com\/fr\/strategie\/#breadcrumb"},"inLanguage":"fr-FR","potentialAction":[{"@type":"ReadAction","target":["https:\/\/www.champlaincanada.com\/fr\/strategie\/"]}]},{"@type":"ImageObject","inLanguage":"fr-FR","@id":"https:\/\/www.champlaincanada.com\/fr\/strategie\/#primaryimage","url":"https:\/\/www.champlaincanada.com\/wp-content\/uploads\/2017\/01\/strategie.jpg","contentUrl":"https:\/\/www.champlaincanada.com\/wp-content\/uploads\/2017\/01\/strategie.jpg"},{"@type":"BreadcrumbList","@id":"https:\/\/www.champlaincanada.com\/fr\/strategie\/#breadcrumb","itemListElement":[{"@type":"ListItem","position":1,"name":"Home","item":"https:\/\/www.champlaincanada.com\/fr\/"},{"@type":"ListItem","position":2,"name":"STRAT\u00c9GIE"}]},{"@type":"WebSite","@id":"https:\/\/www.champlaincanada.com\/#website","url":"https:\/\/www.champlaincanada.com\/","name":"Champlain","description":"Website","potentialAction":[{"@type":"SearchAction","target":{"@type":"EntryPoint","urlTemplate":"https:\/\/www.champlaincanada.com\/?s={search_term_string}"},"query-input":{"@type":"PropertyValueSpecification","valueRequired":true,"valueName":"search_term_string"}}],"inLanguage":"fr-FR"}]}},"_links":{"self":[{"href":"https:\/\/www.champlaincanada.com\/fr\/wp-json\/wp\/v2\/pages\/549","targetHints":{"allow":["GET"]}}],"collection":[{"href":"https:\/\/www.champlaincanada.com\/fr\/wp-json\/wp\/v2\/pages"}],"about":[{"href":"https:\/\/www.champlaincanada.com\/fr\/wp-json\/wp\/v2\/types\/page"}],"author":[{"embeddable":true,"href":"https:\/\/www.champlaincanada.com\/fr\/wp-json\/wp\/v2\/users\/2"}],"replies":[{"embeddable":true,"href":"https:\/\/www.champlaincanada.com\/fr\/wp-json\/wp\/v2\/comments?post=549"}],"version-history":[{"count":10,"href":"https:\/\/www.champlaincanada.com\/fr\/wp-json\/wp\/v2\/pages\/549\/revisions"}],"predecessor-version":[{"id":1121,"href":"https:\/\/www.champlaincanada.com\/fr\/wp-json\/wp\/v2\/pages\/549\/revisions\/1121"}],"wp:attachment":[{"href":"https:\/\/www.champlaincanada.com\/fr\/wp-json\/wp\/v2\/media?parent=549"}],"curies":[{"name":"wp","href":"https:\/\/api.w.org\/{rel}","templated":true}]}}