{"id":322,"date":"2016-09-06T18:26:35","date_gmt":"2016-09-06T18:26:35","guid":{"rendered":"https:\/\/www.champlaincanada.com\/fr\/?page_id=322"},"modified":"2023-01-09T18:42:17","modified_gmt":"2023-01-09T18:42:17","slug":"notre-approche","status":"publish","type":"page","link":"https:\/\/www.champlaincanada.com\/fr\/notre-approche\/","title":{"rendered":"Approche"},"content":{"rendered":"<p>\t\t\t\t<img decoding=\"async\" src=\"https:\/\/www.champlaincanada.com\/wp-content\/uploads\/2016\/09\/notre-approche.jpg\" alt=\"notre-approche\" itemprop=\"image\"  \/><\/p>\n<h2>\n\t\tnotre approche<br \/>\n\t<\/h2>\n<p>Nous ciblons des entreprises ayant de solides bases fondamentales d\u2019industrie, ainsi que des opportunit\u00e9s concr\u00e8tes de croissance organique et ou par acquisitions strat\u00e9giques. M\u00eame si notre approche se veut opportuniste, les crit\u00e8res suivants sont ceux qui articulent le mieux notre investissement \u00abtypique\u00bb :<\/p>\n<ul>\n<li>BAIIA entre 3 millions $ et 20 millions $ principalement dans le secteur des biens de consommation, services de sant\u00e9, distribution au d\u00e9tail et secteurs industriels dynamiques<\/li>\n<li>Historique \u00e9tabli de croissance et profitabilit\u00e9<\/li>\n<li>Produits ou services clairement diff\u00e9renci\u00e9s et qui satisfont les besoins du march\u00e9<\/li>\n<li>Compagnies qui ne recherchent pas uniquement du capital mais aussi des partenaires strat\u00e9giques pour b\u00e2tir davantage leur entreprise<\/li>\n<li>\u00c9quipe de direction solide d\u00e9j\u00e0 en place<\/li>\n<li>Compagnie o\u00f9 nous pouvons augmenter les ventes et la rentabilit\u00e9 par:\n<ul>\n<li>Une planification strat\u00e9gique plus efficace<\/li>\n<li>Une rationalisation des op\u00e9rations<\/li>\n<li>Une am\u00e9lioration des processus de d\u00e9veloppement des affaires<\/li>\n<li>Le d\u00e9ploiement d\u2019un programme structur\u00e9 d\u2019acquisition<\/li>\n<\/ul>\n<\/li>\n<\/ul>\n<p>\t\t\t<a href=\"https:\/\/www.champlaincanada.com\/fr\/portefeuille\/\" target=\"_self\" role=\"button\"><br \/>\n\t\t\t\t\t\t\ten savoir plus<br \/>\n\t\t\t\t\t<\/a><br \/>\n\t\n  \t<div class=\"title_text_form_img\">\n\n\t\t<div class=\"container-fluid\">\n\n\t\t\t\n\t\t\t<div class=\"col-lg-6 col-md-6 col-sm-12 col-xs-12\">\n\n\t\t\t\t<div class=\"frm_forms  with_frm_style frm_style_formidable-style\" id=\"frm_form_2_container\" >\n<form enctype=\"multipart\/form-data\" method=\"post\" class=\"frm-show-form  frm_js_validate  frm_ajax_submit \" id=\"form_1ayb4b\" >\n<div class=\"frm_form_fields \">\n<fieldset>\n<legend class=\"frm_hidden\">Contactez<span> nous<\/span><\/legend>\r\n<h2>Contactez<span> nous<\/span><\/h2>\r\n<div class=\"frm_fields_container\">\n<input type=\"hidden\" name=\"frm_action\" value=\"create\" \/>\n<input type=\"hidden\" name=\"form_id\" value=\"2\" \/>\n<input type=\"hidden\" name=\"frm_hide_fields_2\" id=\"frm_hide_fields_2\" value=\"\" \/>\n<input type=\"hidden\" name=\"form_key\" value=\"1ayb4b\" \/>\n<input type=\"hidden\" name=\"item_meta[0]\" value=\"\" \/>\n<input type=\"hidden\" id=\"frm_submit_entry_2\" name=\"frm_submit_entry_2\" value=\"eff6562e89\" \/><input type=\"hidden\" name=\"_wp_http_referer\" value=\"\/fr\/wp-json\/wp\/v2\/pages\/322\" \/><div id=\"frm_field_8_container\" class=\"frm_form_field form-field  frm_required_field frm_top_container frm_third frm_first\">\r\n    <input type=\"text\" id=\"field_o3lbin\" name=\"item_meta[8]\" value=\"\"  placeholder=\"Name\" data-reqmsg=\"Ce champ ne peut \u00eatre vide.\" aria-required=\"true\" data-invmsg=\"Single Line Text est non valide\" aria-invalid=\"false\"  \/>\r\n    \r\n    \r\n<\/div>\n<div id=\"frm_field_17_container\" class=\"frm_form_field form-field  frm_required_field frm_top_container frm_third\">\r\n    <input type=\"text\" id=\"field_g1va04\" name=\"item_meta[17]\" value=\"\"  placeholder=\"Company\" data-reqmsg=\"Ce champ ne peut \u00eatre vide.\" aria-required=\"true\" data-invmsg=\"Single Line Text est non valide\" aria-invalid=\"false\"  \/>\r\n    \r\n    \r\n<\/div>\n<div id=\"frm_field_10_container\" class=\"frm_form_field form-field  frm_required_field frm_top_container frm_third\">\r\n    <input type=\"email\" id=\"field_llsy5y\" name=\"item_meta[10]\" value=\"\"  placeholder=\"Email\" data-reqmsg=\"Ce champ ne peut \u00eatre vide.\" aria-required=\"true\" data-invmsg=\"Votre courriel est invalide\" aria-invalid=\"false\"  \/>\r\n    \r\n    \r\n<\/div>\n<div id=\"frm_field_86_container\" class=\"frm_form_field form-field  frm_required_field frm_top_container\">\r\n    <textarea name=\"item_meta[86]\" id=\"field_seqli\" rows=\"5\"  placeholder=\"Message\" data-reqmsg=\"Ce champ ne peut \u00eatre vide.\" aria-required=\"true\" data-invmsg=\"Paragraph Text est non valide\" aria-invalid=\"false\"  ><\/textarea>\r\n    \r\n    \r\n<\/div>\n<input type=\"hidden\" id=\"field_u991e\" name=\"item_meta[88]\" value=\"[get_current_language]\"  data-frmval=\"[get_current_language]\"  \/><div id=\"frm_field_89_container\" class=\"frm_form_field form-field \">\n\t<div class=\"frm_submit\">\r\n\r\n<input type=\"submit\" value=\"Send\"  \/>\r\n<img decoding=\"async\" class=\"frm_ajax_loading\" src=\"https:\/\/www.champlaincanada.com\/wp-content\/plugins\/formidable\/images\/ajax_loader.gif\" alt=\"Sending\"\/>\r\n\r\n<\/div>\n<\/div>\n\t<input type=\"hidden\" name=\"item_key\" value=\"\" \/>\n\t\t\t\t<div class=\"frm__67c01df24b920\">\n\t\t\t\t<label for=\"frm_email_2\" >\n\t\t\t\t\tSi vous \u00eates un humain, ne remplissez pas ce champ.\t\t\t\t<\/label>\n\t\t\t\t<input  id=\"frm_email_2\" type=\"text\" class=\"frm_verify\" name=\"frm__67c01df24b920\" value=\"\" autocomplete=\"off\"  \/>\n\t\t\t<\/div>\n\t\t<input name=\"frm_state\" type=\"hidden\" value=\"mTleWFxmNHAHbtnW9te13w0\/AbH+T\/WkTnQAZLYiHRg=\" \/><div id=\"frm_field_hnypt\" class=\"form-field  frm_top_container\" style=\"display: none;\">Please leave this blank<label class=\"frm_primary_label\"><\/label><input type=\"text\" name=\"firstname_hnypt\" id=\"firstname_hnypt\" value=\"\" \/><\/div><\/div>\n<\/fieldset>\n<\/div>\n\n<\/form>\n<\/div>\n\n\n\t\t\t<\/div>\n\n\t\t\t<div class=\"col-lg-6 col-md-6 col-sm-12 col-xs-12\">\n\n\t\t\t\t\n\t\t\t\t<img decoding=\"async\" src=\"https:\/\/www.champlaincanada.com\/wp-content\/uploads\/2016\/09\/Dollarphotoclub_73643752.jpg\">\n\n\t\t\t<\/div>\n\n\t\t<\/div>\n\n\t<\/div>\n\n  <\/p>\n<h2>\n\t\tT\u00c9MOIGNAGES<br \/>\n\t<\/h2>\n\n  \t<div class=\"testimonial-slider\">\n\n\t  \t\n\t\t\t\t<div>\n\n\t\t\t\t\t<div class=\"testimonial-content\"><p>Lorem Ipsum is simply dummy text of the printing and typesetting industry. Lorem Ipsum has been the industry&rsquo;s standard dummy text ever since the 1500s, when an unknown printer took a galley of type and scrambled it to make a type specimen book. It has survived not only five centuries, but also the leap into electronic typesetting, remaining essentially unchanged. It was popularised in the 1960s with the release of Letraset sheets containing Lorem Ipsum passages, and more recently with desktop publishing software like Aldus PageMaker including versions of Lorem Ipsum.<\/p>\n<\/div>\n\n\t\t\t\t\t<div class=\"testimonial-title\">\n\n\t\t\t\t\t\t<span>Testimonial 03 Fr<\/span>\n\t\t\t\t\t\n\t\t\t\t\t\t<span class=\"role\"> - <p>Ceo<\/p>\n<\/span>\n\n\t\t\t\t\t<\/div>\n\n\t\t\t\t<\/div>\n\n\t\t\t\n\t\t\t\t<div>\n\n\t\t\t\t\t<div class=\"testimonial-content\"><p>Lorem Ipsum is simply dummy text of the printing and typesetting industry. Lorem Ipsum has been the industry&rsquo;s standard dummy text ever since the 1500s, when an unknown printer took a galley of type and scrambled it to make a type specimen book. It has survived not only five centuries, but also the leap into electronic typesetting, remaining essentially unchanged. It was popularised in the 1960s with the release of Letraset sheets containing Lorem Ipsum passages, and more recently with desktop publishing software like Aldus PageMaker including versions of Lorem Ipsum.<\/p>\n<\/div>\n\n\t\t\t\t\t<div class=\"testimonial-title\">\n\n\t\t\t\t\t\t<span>Testimonial 02 Fr<\/span>\n\t\t\t\t\t\n\t\t\t\t\t\t<span class=\"role\"> - Ceo<\/span>\n\n\t\t\t\t\t<\/div>\n\n\t\t\t\t<\/div>\n\n\t\t\t\n\t\t\t\t<div>\n\n\t\t\t\t\t<div class=\"testimonial-content\"><p>Lorem Ipsum is simply dummy text of the printing and typesetting industry. Lorem Ipsum has been the industry&rsquo;s standard dummy text ever since the 1500s, when an unknown printer took a galley of type and scrambled it to make a type specimen book. It has survived not only five centuries, but also the leap into electronic typesetting, remaining essentially unchanged. It was popularised in the 1960s with the release of Letraset sheets containing Lorem Ipsum passages, and more recently with desktop publishing software like Aldus PageMaker including versions of Lorem Ipsum.<\/p>\n<\/div>\n\n\t\t\t\t\t<div class=\"testimonial-title\">\n\n\t\t\t\t\t\t<span>Testimonial 01 Fr<\/span>\n\t\t\t\t\t\n\t\t\t\t\t\t<span class=\"role\"> - Ceo<\/span>\n\n\t\t\t\t\t<\/div>\n\n\t\t\t\t<\/div>\n\n\t\t\t\n\t<\/div> \n\n  \n","protected":false},"excerpt":{"rendered":"<p>notre approche Nous ciblons des entreprises ayant de solides bases fondamentales d\u2019industrie, ainsi que des opportunit\u00e9s concr\u00e8tes de croissance organique et ou par acquisitions strat\u00e9giques. M\u00eame si notre approche se veut opportuniste, les crit\u00e8res suivants sont ceux qui articulent le mieux notre investissement \u00abtypique\u00bb : BAIIA entre 3 millions $ et 20 millions $ principalement dans le secteur des biens de consommation, services de sant\u00e9, distribution au d\u00e9tail et secteurs&#8230; <a href=\"https:\/\/www.champlaincanada.com\/fr\/testimonial\/testimonial-01-fr\/\" class=\"more-link\" >Lire la suite &raquo;<\/a><\/p>\n","protected":false},"author":2,"featured_media":0,"parent":0,"menu_order":0,"comment_status":"closed","ping_status":"closed","template":"","meta":{"_acf_changed":false,"footnotes":""},"class_list":["post-322","page","type-page","status-publish","hentry"],"acf":[],"yoast_head":"<!-- This site is optimized with the Yoast SEO plugin v24.5 - https:\/\/yoast.com\/wordpress\/plugins\/seo\/ -->\n<title>Approche - Champlain<\/title>\n<meta name=\"robots\" content=\"index, follow, max-snippet:-1, max-image-preview:large, max-video-preview:-1\" \/>\n<link rel=\"canonical\" href=\"https:\/\/www.champlaincanada.com\/fr\/notre-approche\/\" \/>\n<meta property=\"og:locale\" content=\"fr_FR\" \/>\n<meta property=\"og:type\" content=\"article\" \/>\n<meta property=\"og:title\" content=\"Approche - Champlain\" \/>\n<meta property=\"og:description\" content=\"notre approche Nous ciblons des entreprises ayant de solides bases fondamentales d\u2019industrie, ainsi que des opportunit\u00e9s concr\u00e8tes de croissance organique et ou par acquisitions strat\u00e9giques. M\u00eame si notre approche se veut opportuniste, les crit\u00e8res suivants sont ceux qui articulent le mieux notre investissement \u00abtypique\u00bb : BAIIA entre 3 millions $ et 20 millions $ principalement dans le secteur des biens de consommation, services de sant\u00e9, distribution au d\u00e9tail et secteurs... Lire la suite &raquo;\" \/>\n<meta property=\"og:url\" content=\"https:\/\/www.champlaincanada.com\/fr\/notre-approche\/\" \/>\n<meta property=\"og:site_name\" content=\"Champlain\" \/>\n<meta property=\"article:modified_time\" content=\"2023-01-09T18:42:17+00:00\" \/>\n<meta property=\"og:image\" content=\"https:\/\/www.champlaincanada.com\/wp-content\/uploads\/2016\/09\/notre-approche.jpg\" \/>\n<meta name=\"twitter:label1\" content=\"Dur\u00e9e de lecture estim\u00e9e\" \/>\n\t<meta name=\"twitter:data1\" content=\"1 minute\" \/>\n<script type=\"application\/ld+json\" class=\"yoast-schema-graph\">{\"@context\":\"https:\/\/schema.org\",\"@graph\":[{\"@type\":\"WebPage\",\"@id\":\"https:\/\/www.champlaincanada.com\/fr\/notre-approche\/\",\"url\":\"https:\/\/www.champlaincanada.com\/fr\/notre-approche\/\",\"name\":\"Approche - Champlain\",\"isPartOf\":{\"@id\":\"https:\/\/www.champlaincanada.com\/#website\"},\"primaryImageOfPage\":{\"@id\":\"https:\/\/www.champlaincanada.com\/fr\/notre-approche\/#primaryimage\"},\"image\":{\"@id\":\"https:\/\/www.champlaincanada.com\/fr\/notre-approche\/#primaryimage\"},\"thumbnailUrl\":\"https:\/\/www.champlaincanada.com\/wp-content\/uploads\/2016\/09\/notre-approche.jpg\",\"datePublished\":\"2016-09-06T18:26:35+00:00\",\"dateModified\":\"2023-01-09T18:42:17+00:00\",\"breadcrumb\":{\"@id\":\"https:\/\/www.champlaincanada.com\/fr\/notre-approche\/#breadcrumb\"},\"inLanguage\":\"fr-FR\",\"potentialAction\":[{\"@type\":\"ReadAction\",\"target\":[\"https:\/\/www.champlaincanada.com\/fr\/notre-approche\/\"]}]},{\"@type\":\"ImageObject\",\"inLanguage\":\"fr-FR\",\"@id\":\"https:\/\/www.champlaincanada.com\/fr\/notre-approche\/#primaryimage\",\"url\":\"https:\/\/www.champlaincanada.com\/wp-content\/uploads\/2016\/09\/notre-approche.jpg\",\"contentUrl\":\"https:\/\/www.champlaincanada.com\/wp-content\/uploads\/2016\/09\/notre-approche.jpg\"},{\"@type\":\"BreadcrumbList\",\"@id\":\"https:\/\/www.champlaincanada.com\/fr\/notre-approche\/#breadcrumb\",\"itemListElement\":[{\"@type\":\"ListItem\",\"position\":1,\"name\":\"Home\",\"item\":\"https:\/\/www.champlaincanada.com\/fr\/\"},{\"@type\":\"ListItem\",\"position\":2,\"name\":\"Approche\"}]},{\"@type\":\"WebSite\",\"@id\":\"https:\/\/www.champlaincanada.com\/#website\",\"url\":\"https:\/\/www.champlaincanada.com\/\",\"name\":\"Champlain\",\"description\":\"Website\",\"potentialAction\":[{\"@type\":\"SearchAction\",\"target\":{\"@type\":\"EntryPoint\",\"urlTemplate\":\"https:\/\/www.champlaincanada.com\/?s={search_term_string}\"},\"query-input\":{\"@type\":\"PropertyValueSpecification\",\"valueRequired\":true,\"valueName\":\"search_term_string\"}}],\"inLanguage\":\"fr-FR\"}]}<\/script>\n<!-- \/ Yoast SEO plugin. -->","yoast_head_json":{"title":"Approche - Champlain","robots":{"index":"index","follow":"follow","max-snippet":"max-snippet:-1","max-image-preview":"max-image-preview:large","max-video-preview":"max-video-preview:-1"},"canonical":"https:\/\/www.champlaincanada.com\/fr\/notre-approche\/","og_locale":"fr_FR","og_type":"article","og_title":"Approche - Champlain","og_description":"notre approche Nous ciblons des entreprises ayant de solides bases fondamentales d\u2019industrie, ainsi que des opportunit\u00e9s concr\u00e8tes de croissance organique et ou par acquisitions strat\u00e9giques. M\u00eame si notre approche se veut opportuniste, les crit\u00e8res suivants sont ceux qui articulent le mieux notre investissement \u00abtypique\u00bb : BAIIA entre 3 millions $ et 20 millions $ principalement dans le secteur des biens de consommation, services de sant\u00e9, distribution au d\u00e9tail et secteurs... Lire la suite &raquo;","og_url":"https:\/\/www.champlaincanada.com\/fr\/notre-approche\/","og_site_name":"Champlain","article_modified_time":"2023-01-09T18:42:17+00:00","og_image":[{"url":"https:\/\/www.champlaincanada.com\/wp-content\/uploads\/2016\/09\/notre-approche.jpg","type":"","width":"","height":""}],"twitter_misc":{"Dur\u00e9e de lecture estim\u00e9e":"1 minute"},"schema":{"@context":"https:\/\/schema.org","@graph":[{"@type":"WebPage","@id":"https:\/\/www.champlaincanada.com\/fr\/notre-approche\/","url":"https:\/\/www.champlaincanada.com\/fr\/notre-approche\/","name":"Approche - Champlain","isPartOf":{"@id":"https:\/\/www.champlaincanada.com\/#website"},"primaryImageOfPage":{"@id":"https:\/\/www.champlaincanada.com\/fr\/notre-approche\/#primaryimage"},"image":{"@id":"https:\/\/www.champlaincanada.com\/fr\/notre-approche\/#primaryimage"},"thumbnailUrl":"https:\/\/www.champlaincanada.com\/wp-content\/uploads\/2016\/09\/notre-approche.jpg","datePublished":"2016-09-06T18:26:35+00:00","dateModified":"2023-01-09T18:42:17+00:00","breadcrumb":{"@id":"https:\/\/www.champlaincanada.com\/fr\/notre-approche\/#breadcrumb"},"inLanguage":"fr-FR","potentialAction":[{"@type":"ReadAction","target":["https:\/\/www.champlaincanada.com\/fr\/notre-approche\/"]}]},{"@type":"ImageObject","inLanguage":"fr-FR","@id":"https:\/\/www.champlaincanada.com\/fr\/notre-approche\/#primaryimage","url":"https:\/\/www.champlaincanada.com\/wp-content\/uploads\/2016\/09\/notre-approche.jpg","contentUrl":"https:\/\/www.champlaincanada.com\/wp-content\/uploads\/2016\/09\/notre-approche.jpg"},{"@type":"BreadcrumbList","@id":"https:\/\/www.champlaincanada.com\/fr\/notre-approche\/#breadcrumb","itemListElement":[{"@type":"ListItem","position":1,"name":"Home","item":"https:\/\/www.champlaincanada.com\/fr\/"},{"@type":"ListItem","position":2,"name":"Approche"}]},{"@type":"WebSite","@id":"https:\/\/www.champlaincanada.com\/#website","url":"https:\/\/www.champlaincanada.com\/","name":"Champlain","description":"Website","potentialAction":[{"@type":"SearchAction","target":{"@type":"EntryPoint","urlTemplate":"https:\/\/www.champlaincanada.com\/?s={search_term_string}"},"query-input":{"@type":"PropertyValueSpecification","valueRequired":true,"valueName":"search_term_string"}}],"inLanguage":"fr-FR"}]}},"_links":{"self":[{"href":"https:\/\/www.champlaincanada.com\/fr\/wp-json\/wp\/v2\/pages\/322","targetHints":{"allow":["GET"]}}],"collection":[{"href":"https:\/\/www.champlaincanada.com\/fr\/wp-json\/wp\/v2\/pages"}],"about":[{"href":"https:\/\/www.champlaincanada.com\/fr\/wp-json\/wp\/v2\/types\/page"}],"author":[{"embeddable":true,"href":"https:\/\/www.champlaincanada.com\/fr\/wp-json\/wp\/v2\/users\/2"}],"replies":[{"embeddable":true,"href":"https:\/\/www.champlaincanada.com\/fr\/wp-json\/wp\/v2\/comments?post=322"}],"version-history":[{"count":16,"href":"https:\/\/www.champlaincanada.com\/fr\/wp-json\/wp\/v2\/pages\/322\/revisions"}],"predecessor-version":[{"id":1127,"href":"https:\/\/www.champlaincanada.com\/fr\/wp-json\/wp\/v2\/pages\/322\/revisions\/1127"}],"wp:attachment":[{"href":"https:\/\/www.champlaincanada.com\/fr\/wp-json\/wp\/v2\/media?parent=322"}],"curies":[{"name":"wp","href":"https:\/\/api.w.org\/{rel}","templated":true}]}}