{"id":313,"date":"2016-09-06T18:23:51","date_gmt":"2016-09-06T18:23:51","guid":{"rendered":"https:\/\/www.champlaincanada.com\/fr\/?page_id=313"},"modified":"2019-10-04T13:43:02","modified_gmt":"2019-10-04T13:43:02","slug":"a-propos","status":"publish","type":"page","link":"https:\/\/www.champlaincanada.com\/fr\/a-propos\/","title":{"rendered":"\u00c0 propos"},"content":{"rendered":"<h2>\n\t\tHistorique<br \/>\n\t<\/h2>\n<p>Corporation Financi\u00e8re Champlain (\u00ab CFC \u00bb) est une soci\u00e9t\u00e9 de placements priv\u00e9s bas\u00e9e \u00e0 Montr\u00e9al qui se concentre principalement sur des opportunit\u00e9s d\u2019investissements au sein de petites et moyennes entreprises (PME).<\/p>\n<p>Cr\u00e9\u00e9e en 2004 par Pierre Simard, fondateur de Champlain Capital Partners L.P., un fonds de placement priv\u00e9 am\u00e9ricain de 150 millions de $, CFC a b\u00e2ti une portefeuille vari\u00e9 de compagnies, et est continuellement en train d\u2019ajouter \u00e0 ce portefeuille et sa liste de prospects.<\/p>\n<p>\t\t\t<a href=\"https:\/\/www.champlaincanada.com\/fr\/portefeuille\/\" target=\"_self\" role=\"button\"><br \/>\n\t\t\t\t\t\t\ten savoir plus<br \/>\n\t\t\t\t\t<\/a><br \/>\n\t\t\t\t<img decoding=\"async\" src=\"https:\/\/www.champlaincanada.com\/wp-content\/uploads\/2016\/09\/about-us.jpg\" alt=\"about-us\" itemprop=\"image\"  \/><\/p>\n<h2>\n\t\tNotre \u00c9quipe<br \/>\n\t<\/h2>\n<div class=\"team_margin\">\n\t\t<div class=\"col-lg-4 col-md-4 col-sm-6 col-xs-12\">\n\t\t<div class=\"team_slider\">\n\t\t  <a href=\"https:\/\/www.champlaincanada.com\/fr\/team\/pierre-simard\/\">\n          <img loading=\"lazy\" decoding=\"async\" width=\"334\" height=\"338\" src=\"https:\/\/www.champlaincanada.com\/wp-content\/uploads\/2018\/10\/CFC04oc18-Photographescommercial-7.jpg\" class=\"attachment-post-thumbnail size-post-thumbnail wp-post-image\" alt=\"\" srcset=\"https:\/\/www.champlaincanada.com\/wp-content\/uploads\/2018\/10\/CFC04oc18-Photographescommercial-7.jpg 334w, https:\/\/www.champlaincanada.com\/wp-content\/uploads\/2018\/10\/CFC04oc18-Photographescommercial-7-296x300.jpg 296w\" sizes=\"auto, (max-width: 334px) 100vw, 334px\" \/>          <div class=\"team_slider_content\">\n\t\t  Pierre Simard\t\t  \n           \n           <p>Associ\u00e9 directeur<\/p>\n\n\t\t  <\/div>\n\t\t  <\/a>\n\t\t  <\/div>\n\t\t  <\/div>\n\t\t  \n\t\t\t\t<div class=\"col-lg-4 col-md-4 col-sm-6 col-xs-12\">\n\t\t<div class=\"team_slider\">\n\t\t  <a href=\"https:\/\/www.champlaincanada.com\/fr\/team\/jean-stephane-yansouni\/\">\n          <img loading=\"lazy\" decoding=\"async\" width=\"334\" height=\"338\" src=\"https:\/\/www.champlaincanada.com\/wp-content\/uploads\/2018\/10\/CFC04oc18-Photographescommercial-4.jpg\" class=\"attachment-post-thumbnail size-post-thumbnail wp-post-image\" alt=\"\" srcset=\"https:\/\/www.champlaincanada.com\/wp-content\/uploads\/2018\/10\/CFC04oc18-Photographescommercial-4.jpg 334w, https:\/\/www.champlaincanada.com\/wp-content\/uploads\/2018\/10\/CFC04oc18-Photographescommercial-4-296x300.jpg 296w\" sizes=\"auto, (max-width: 334px) 100vw, 334px\" \/>          <div class=\"team_slider_content\">\n\t\t  Jean-St\u00e9phane Yansouni\t\t  \n           \n           <p>Associ\u00e9<\/p>\n\n\t\t  <\/div>\n\t\t  <\/a>\n\t\t  <\/div>\n\t\t  <\/div>\n\t\t  \n\t\t\t\t<div class=\"col-lg-4 col-md-4 col-sm-6 col-xs-12\">\n\t\t<div class=\"team_slider\">\n\t\t  <a href=\"https:\/\/www.champlaincanada.com\/fr\/team\/scott-jackson\/\">\n          <img loading=\"lazy\" decoding=\"async\" width=\"334\" height=\"338\" src=\"https:\/\/www.champlaincanada.com\/wp-content\/uploads\/2018\/10\/CFC04oc18-Photographescommercial-5.jpg\" class=\"attachment-post-thumbnail size-post-thumbnail wp-post-image\" alt=\"\" srcset=\"https:\/\/www.champlaincanada.com\/wp-content\/uploads\/2018\/10\/CFC04oc18-Photographescommercial-5.jpg 334w, https:\/\/www.champlaincanada.com\/wp-content\/uploads\/2018\/10\/CFC04oc18-Photographescommercial-5-296x300.jpg 296w\" sizes=\"auto, (max-width: 334px) 100vw, 334px\" \/>          <div class=\"team_slider_content\">\n\t\t  Scott Jackson\t\t  \n           \n           <p>Associ\u00e9<\/p>\n\n\t\t  <\/div>\n\t\t  <\/a>\n\t\t  <\/div>\n\t\t  <\/div>\n\t\t  \n\t\t\t\t<div class=\"col-lg-4 col-md-4 col-sm-6 col-xs-12\">\n\t\t<div class=\"team_slider\">\n\t\t  <a href=\"https:\/\/www.champlaincanada.com\/fr\/team\/francois-schumayer\/\">\n          <img loading=\"lazy\" decoding=\"async\" width=\"334\" height=\"338\" src=\"https:\/\/www.champlaincanada.com\/wp-content\/uploads\/2018\/10\/CFC04oc18-Photographescommercial-3.jpg\" class=\"attachment-post-thumbnail size-post-thumbnail wp-post-image\" alt=\"\" srcset=\"https:\/\/www.champlaincanada.com\/wp-content\/uploads\/2018\/10\/CFC04oc18-Photographescommercial-3.jpg 334w, https:\/\/www.champlaincanada.com\/wp-content\/uploads\/2018\/10\/CFC04oc18-Photographescommercial-3-296x300.jpg 296w\" sizes=\"auto, (max-width: 334px) 100vw, 334px\" \/>          <div class=\"team_slider_content\">\n\t\t  Francois Schumayer\t\t  \n           \n           <p>Associ\u00e9<\/p>\n\n\t\t  <\/div>\n\t\t  <\/a>\n\t\t  <\/div>\n\t\t  <\/div>\n\t\t  \n\t\t\t\t<\/div>\n\n<h2>\n\t\tAssoci\u00e9s Conseil et Op\u00e9rants<br \/>\n\t<\/h2>\n<p>\t<div class=\"team_margin\">\n\t\t\n\t\t<div class=\"col-lg-4 col-md-4 col-sm-6 col-xs-12\">\n\t\t<div class=\"team_slider\">\n\t\t  <a href=\"https:\/\/www.champlaincanada.com\/fr\/team\/philippe-arrata\/\">\n          <img loading=\"lazy\" decoding=\"async\" width=\"2669\" height=\"2667\" src=\"https:\/\/www.champlaincanada.com\/wp-content\/uploads\/2022\/01\/PhilArrata-e1641665009428.jpg\" class=\"attachment-post-thumbnail size-post-thumbnail wp-post-image\" alt=\"\" srcset=\"https:\/\/www.champlaincanada.com\/wp-content\/uploads\/2022\/01\/PhilArrata-e1641665009428.jpg 2669w, https:\/\/www.champlaincanada.com\/wp-content\/uploads\/2022\/01\/PhilArrata-e1641665009428-150x150.jpg 150w, https:\/\/www.champlaincanada.com\/wp-content\/uploads\/2022\/01\/PhilArrata-e1641665009428-300x300.jpg 300w, https:\/\/www.champlaincanada.com\/wp-content\/uploads\/2022\/01\/PhilArrata-e1641665009428-768x767.jpg 768w, https:\/\/www.champlaincanada.com\/wp-content\/uploads\/2022\/01\/PhilArrata-e1641665009428-1024x1024.jpg 1024w\" sizes=\"auto, (max-width: 2669px) 100vw, 2669px\" \/>          <div class=\"team_slider_content\">\n\t\t  Philippe Arrata\t\t  \n           \n           <p>Associ\u00e9 Op\u00e9rant<\/p>\n\n\t\t  <\/div>\n\t\t  <\/a>\n\t\t  <\/div>\n\t\t  <\/div>\n\t\t  \n\t\t\t\t\n\t\t<div class=\"col-lg-4 col-md-4 col-sm-6 col-xs-12\">\n\t\t<div class=\"team_slider\">\n\t\t  <a href=\"https:\/\/www.champlaincanada.com\/fr\/team\/daniel-cousineau\/\">\n          <img loading=\"lazy\" decoding=\"async\" width=\"334\" height=\"334\" src=\"https:\/\/www.champlaincanada.com\/wp-content\/uploads\/2018\/10\/CFC04oc18-Photographescommercial-8-e1641664774733.jpg\" class=\"attachment-post-thumbnail size-post-thumbnail wp-post-image\" alt=\"\" srcset=\"https:\/\/www.champlaincanada.com\/wp-content\/uploads\/2018\/10\/CFC04oc18-Photographescommercial-8-e1641664774733.jpg 334w, https:\/\/www.champlaincanada.com\/wp-content\/uploads\/2018\/10\/CFC04oc18-Photographescommercial-8-e1641664774733-150x150.jpg 150w, https:\/\/www.champlaincanada.com\/wp-content\/uploads\/2018\/10\/CFC04oc18-Photographescommercial-8-e1641664774733-300x300.jpg 300w\" sizes=\"auto, (max-width: 334px) 100vw, 334px\" \/>          <div class=\"team_slider_content\">\n\t\t  Daniel Cousineau\t\t  \n           \n           <p>Associ\u00e9 Op\u00e9rant<\/p>\n\n\t\t  <\/div>\n\t\t  <\/a>\n\t\t  <\/div>\n\t\t  <\/div>\n\t\t  \n\t\t\t\t\n\t\t<div class=\"col-lg-4 col-md-4 col-sm-6 col-xs-12\">\n\t\t<div class=\"team_slider\">\n\t\t  <a href=\"https:\/\/www.champlaincanada.com\/fr\/team\/terry-enepekides\/\">\n          <img loading=\"lazy\" decoding=\"async\" width=\"334\" height=\"334\" src=\"https:\/\/www.champlaincanada.com\/wp-content\/uploads\/2018\/10\/CFC04oc18-Photographescommercial-2-e1641664695764.jpg\" class=\"attachment-post-thumbnail size-post-thumbnail wp-post-image\" alt=\"\" srcset=\"https:\/\/www.champlaincanada.com\/wp-content\/uploads\/2018\/10\/CFC04oc18-Photographescommercial-2-e1641664695764.jpg 334w, https:\/\/www.champlaincanada.com\/wp-content\/uploads\/2018\/10\/CFC04oc18-Photographescommercial-2-e1641664695764-150x150.jpg 150w, https:\/\/www.champlaincanada.com\/wp-content\/uploads\/2018\/10\/CFC04oc18-Photographescommercial-2-e1641664695764-300x300.jpg 300w\" sizes=\"auto, (max-width: 334px) 100vw, 334px\" \/>          <div class=\"team_slider_content\">\n\t\t  Terry Enepekides\t\t  \n           \n           <p>Associ\u00e9 Op\u00e9rant<\/p>\n\n\t\t  <\/div>\n\t\t  <\/a>\n\t\t  <\/div>\n\t\t  <\/div>\n\t\t  \n\t\t\t\t\n\t\t<div class=\"col-lg-4 col-md-4 col-sm-6 col-xs-12\">\n\t\t<div class=\"team_slider\">\n\t\t  <a href=\"https:\/\/www.champlaincanada.com\/fr\/team\/andre-la-forge\/\">\n          <img loading=\"lazy\" decoding=\"async\" width=\"807\" height=\"807\" src=\"https:\/\/www.champlaincanada.com\/wp-content\/uploads\/2019\/10\/Capture-d\u2019\u00e9cran-2019-10-04-\u00e0-09.38.02-e1641664592622.png\" class=\"attachment-post-thumbnail size-post-thumbnail wp-post-image\" alt=\"\" srcset=\"https:\/\/www.champlaincanada.com\/wp-content\/uploads\/2019\/10\/Capture-d\u2019\u00e9cran-2019-10-04-\u00e0-09.38.02-e1641664592622.png 807w, https:\/\/www.champlaincanada.com\/wp-content\/uploads\/2019\/10\/Capture-d\u2019\u00e9cran-2019-10-04-\u00e0-09.38.02-e1641664592622-150x150.png 150w, https:\/\/www.champlaincanada.com\/wp-content\/uploads\/2019\/10\/Capture-d\u2019\u00e9cran-2019-10-04-\u00e0-09.38.02-e1641664592622-300x300.png 300w, https:\/\/www.champlaincanada.com\/wp-content\/uploads\/2019\/10\/Capture-d\u2019\u00e9cran-2019-10-04-\u00e0-09.38.02-e1641664592622-768x768.png 768w\" sizes=\"auto, (max-width: 807px) 100vw, 807px\" \/>          <div class=\"team_slider_content\">\n\t\t  Andr\u00e9 La Forge\t\t  \n           \n           <p>Associ\u00e9 Conseil<\/p>\n\n\t\t  <\/div>\n\t\t  <\/a>\n\t\t  <\/div>\n\t\t  <\/div>\n\t\t  \n\t\t\t\t\n\t\t<div class=\"col-lg-4 col-md-4 col-sm-6 col-xs-12\">\n\t\t<div class=\"team_slider\">\n\t\t  <a href=\"https:\/\/www.champlaincanada.com\/fr\/team\/paul-lebrun\/\">\n          <img loading=\"lazy\" decoding=\"async\" width=\"338\" height=\"334\" src=\"https:\/\/www.champlaincanada.com\/wp-content\/uploads\/2018\/10\/CFC04oc18-Photographescommercial-6.jpg\" class=\"attachment-post-thumbnail size-post-thumbnail wp-post-image\" alt=\"\" srcset=\"https:\/\/www.champlaincanada.com\/wp-content\/uploads\/2018\/10\/CFC04oc18-Photographescommercial-6.jpg 338w, https:\/\/www.champlaincanada.com\/wp-content\/uploads\/2018\/10\/CFC04oc18-Photographescommercial-6-300x296.jpg 300w\" sizes=\"auto, (max-width: 338px) 100vw, 338px\" \/>          <div class=\"team_slider_content\">\n\t\t  Paul Le Brun\t\t  \n           \n           <p>Associ\u00e9 Op\u00e9rant<\/p>\n\n\t\t  <\/div>\n\t\t  <\/a>\n\t\t  <\/div>\n\t\t  <\/div>\n\t\t  \n\t\t\t\t<\/div>\n<br \/>\n\t\n  \t<div class=\"title_text_form_img\">\n\n\t\t<div class=\"container-fluid\">\n\n\t\t\t\n\t\t\t<div class=\"col-lg-6 col-md-6 col-sm-12 col-xs-12\">\n\n\t\t\t\t<div class=\"frm_forms  with_frm_style frm_style_formidable-style\" id=\"frm_form_2_container\" >\n<form enctype=\"multipart\/form-data\" method=\"post\" class=\"frm-show-form  frm_js_validate  frm_ajax_submit \" id=\"form_1ayb4b\" >\n<div class=\"frm_form_fields \">\n<fieldset>\n<legend class=\"frm_hidden\">Contactez<span> nous<\/span><\/legend>\r\n<h2>Contactez<span> nous<\/span><\/h2>\r\n<div class=\"frm_fields_container\">\n<input type=\"hidden\" name=\"frm_action\" value=\"create\" \/>\n<input type=\"hidden\" name=\"form_id\" value=\"2\" \/>\n<input type=\"hidden\" name=\"frm_hide_fields_2\" id=\"frm_hide_fields_2\" value=\"\" \/>\n<input type=\"hidden\" name=\"form_key\" value=\"1ayb4b\" \/>\n<input type=\"hidden\" name=\"item_meta[0]\" value=\"\" \/>\n<input type=\"hidden\" id=\"frm_submit_entry_2\" name=\"frm_submit_entry_2\" value=\"5b56d74425\" \/><input type=\"hidden\" name=\"_wp_http_referer\" value=\"\/fr\/wp-json\/wp\/v2\/pages\/313\" \/><div id=\"frm_field_8_container\" class=\"frm_form_field form-field  frm_required_field frm_top_container frm_third frm_first\">\r\n    <input type=\"text\" id=\"field_o3lbin\" name=\"item_meta[8]\" value=\"\"  placeholder=\"Name\" data-reqmsg=\"Ce champ ne peut \u00eatre vide.\" aria-required=\"true\" data-invmsg=\"Single Line Text est non valide\" aria-invalid=\"false\"  \/>\r\n    \r\n    \r\n<\/div>\n<div id=\"frm_field_17_container\" class=\"frm_form_field form-field  frm_required_field frm_top_container frm_third\">\r\n    <input type=\"text\" id=\"field_g1va04\" name=\"item_meta[17]\" value=\"\"  placeholder=\"Company\" data-reqmsg=\"Ce champ ne peut \u00eatre vide.\" aria-required=\"true\" data-invmsg=\"Single Line Text est non valide\" aria-invalid=\"false\"  \/>\r\n    \r\n    \r\n<\/div>\n<div id=\"frm_field_10_container\" class=\"frm_form_field form-field  frm_required_field frm_top_container frm_third\">\r\n    <input type=\"email\" id=\"field_llsy5y\" name=\"item_meta[10]\" value=\"\"  placeholder=\"Email\" data-reqmsg=\"Ce champ ne peut \u00eatre vide.\" aria-required=\"true\" data-invmsg=\"Votre courriel est invalide\" aria-invalid=\"false\"  \/>\r\n    \r\n    \r\n<\/div>\n<div id=\"frm_field_86_container\" class=\"frm_form_field form-field  frm_required_field frm_top_container\">\r\n    <textarea name=\"item_meta[86]\" id=\"field_seqli\" rows=\"5\"  placeholder=\"Message\" data-reqmsg=\"Ce champ ne peut \u00eatre vide.\" aria-required=\"true\" data-invmsg=\"Paragraph Text est non valide\" aria-invalid=\"false\"  ><\/textarea>\r\n    \r\n    \r\n<\/div>\n<input type=\"hidden\" id=\"field_u991e\" name=\"item_meta[88]\" value=\"[get_current_language]\"  data-frmval=\"[get_current_language]\"  \/><div id=\"frm_field_89_container\" class=\"frm_form_field form-field \">\n\t<div class=\"frm_submit\">\r\n\r\n<input type=\"submit\" value=\"Send\"  \/>\r\n<img decoding=\"async\" class=\"frm_ajax_loading\" src=\"https:\/\/www.champlaincanada.com\/wp-content\/plugins\/formidable\/images\/ajax_loader.gif\" alt=\"Sending\"\/>\r\n\r\n<\/div>\n<\/div>\n\t<input type=\"hidden\" name=\"item_key\" value=\"\" \/>\n\t\t\t\t<div class=\"frm__67c01df24b920\">\n\t\t\t\t<label for=\"frm_email_2\" >\n\t\t\t\t\tSi vous \u00eates un humain, ne remplissez pas ce champ.\t\t\t\t<\/label>\n\t\t\t\t<input  id=\"frm_email_2\" type=\"text\" class=\"frm_verify\" name=\"frm__67c01df24b920\" value=\"\" autocomplete=\"off\"  \/>\n\t\t\t<\/div>\n\t\t<input name=\"frm_state\" type=\"hidden\" value=\"mTleWFxmNHAHbtnW9te13w0\/AbH+T\/WkTnQAZLYiHRg=\" \/><div id=\"frm_field_hnypt\" class=\"form-field  frm_top_container\" style=\"display: none;\">Please leave this blank<label class=\"frm_primary_label\"><\/label><input type=\"text\" name=\"firstname_hnypt\" id=\"firstname_hnypt\" value=\"\" \/><\/div><\/div>\n<\/fieldset>\n<\/div>\n\n<\/form>\n<\/div>\n\n\n\t\t\t<\/div>\n\n\t\t\t<div class=\"col-lg-6 col-md-6 col-sm-12 col-xs-12\">\n\n\t\t\t\t\n\t\t\t\t<img decoding=\"async\" src=\"https:\/\/www.champlaincanada.com\/wp-content\/uploads\/2016\/09\/Dollarphotoclub_73643752.jpg\">\n\n\t\t\t<\/div>\n\n\t\t<\/div>\n\n\t<\/div>\n\n  <\/p>\n<h2>\n\t\tT\u00c9MOIGAGES<br \/>\n\t<\/h2>\n\n  \t<div class=\"testimonial-slider\">\n\n\t  \t\n\t\t\t\t<div>\n\n\t\t\t\t\t<div class=\"testimonial-content\"><p>Lorem Ipsum is simply dummy text of the printing and typesetting industry. Lorem Ipsum has been the industry&rsquo;s standard dummy text ever since the 1500s, when an unknown printer took a galley of type and scrambled it to make a type specimen book. It has survived not only five centuries, but also the leap into electronic typesetting, remaining essentially unchanged. It was popularised in the 1960s with the release of Letraset sheets containing Lorem Ipsum passages, and more recently with desktop publishing software like Aldus PageMaker including versions of Lorem Ipsum.<\/p>\n<\/div>\n\n\t\t\t\t\t<div class=\"testimonial-title\">\n\n\t\t\t\t\t\t<span>Testimonial 03 Fr<\/span>\n\t\t\t\t\t\n\t\t\t\t\t\t<span class=\"role\"> - <p>Ceo<\/p>\n<\/span>\n\n\t\t\t\t\t<\/div>\n\n\t\t\t\t<\/div>\n\n\t\t\t\n\t\t\t\t<div>\n\n\t\t\t\t\t<div class=\"testimonial-content\"><p>Lorem Ipsum is simply dummy text of the printing and typesetting industry. Lorem Ipsum has been the industry&rsquo;s standard dummy text ever since the 1500s, when an unknown printer took a galley of type and scrambled it to make a type specimen book. It has survived not only five centuries, but also the leap into electronic typesetting, remaining essentially unchanged. It was popularised in the 1960s with the release of Letraset sheets containing Lorem Ipsum passages, and more recently with desktop publishing software like Aldus PageMaker including versions of Lorem Ipsum.<\/p>\n<\/div>\n\n\t\t\t\t\t<div class=\"testimonial-title\">\n\n\t\t\t\t\t\t<span>Testimonial 02 Fr<\/span>\n\t\t\t\t\t\n\t\t\t\t\t\t<span class=\"role\"> - Ceo<\/span>\n\n\t\t\t\t\t<\/div>\n\n\t\t\t\t<\/div>\n\n\t\t\t\n\t\t\t\t<div>\n\n\t\t\t\t\t<div class=\"testimonial-content\"><p>Lorem Ipsum is simply dummy text of the printing and typesetting industry. Lorem Ipsum has been the industry&rsquo;s standard dummy text ever since the 1500s, when an unknown printer took a galley of type and scrambled it to make a type specimen book. It has survived not only five centuries, but also the leap into electronic typesetting, remaining essentially unchanged. It was popularised in the 1960s with the release of Letraset sheets containing Lorem Ipsum passages, and more recently with desktop publishing software like Aldus PageMaker including versions of Lorem Ipsum.<\/p>\n<\/div>\n\n\t\t\t\t\t<div class=\"testimonial-title\">\n\n\t\t\t\t\t\t<span>Testimonial 01 Fr<\/span>\n\t\t\t\t\t\n\t\t\t\t\t\t<span class=\"role\"> - Ceo<\/span>\n\n\t\t\t\t\t<\/div>\n\n\t\t\t\t<\/div>\n\n\t\t\t\n\t<\/div> \n\n  \n","protected":false},"excerpt":{"rendered":"<p>Historique Corporation Financi\u00e8re Champlain (\u00ab CFC \u00bb) est une soci\u00e9t\u00e9 de placements priv\u00e9s bas\u00e9e \u00e0 Montr\u00e9al qui se concentre principalement sur des opportunit\u00e9s d\u2019investissements au sein de petites et moyennes entreprises (PME). Cr\u00e9\u00e9e en 2004 par Pierre Simard, fondateur de Champlain Capital Partners L.P., un fonds de placement priv\u00e9 am\u00e9ricain de 150 millions de $, CFC a b\u00e2ti une portefeuille vari\u00e9 de compagnies, et est continuellement en train d\u2019ajouter \u00e0&#8230; <a href=\"https:\/\/www.champlaincanada.com\/fr\/testimonial\/testimonial-01-fr\/\" class=\"more-link\" >Lire la suite &raquo;<\/a><\/p>\n","protected":false},"author":2,"featured_media":0,"parent":0,"menu_order":0,"comment_status":"closed","ping_status":"closed","template":"","meta":{"_acf_changed":false,"footnotes":""},"class_list":["post-313","page","type-page","status-publish","hentry"],"acf":[],"yoast_head":"<!-- This site is optimized with the Yoast SEO plugin v24.5 - https:\/\/yoast.com\/wordpress\/plugins\/seo\/ -->\n<title>\u00c0 propos - Champlain<\/title>\n<meta name=\"robots\" content=\"index, follow, max-snippet:-1, max-image-preview:large, max-video-preview:-1\" \/>\n<link rel=\"canonical\" href=\"https:\/\/www.champlaincanada.com\/fr\/a-propos\/\" \/>\n<meta property=\"og:locale\" content=\"fr_FR\" \/>\n<meta property=\"og:type\" content=\"article\" \/>\n<meta property=\"og:title\" content=\"\u00c0 propos - Champlain\" \/>\n<meta property=\"og:description\" content=\"Historique Corporation Financi\u00e8re Champlain (\u00ab CFC \u00bb) est une soci\u00e9t\u00e9 de placements priv\u00e9s bas\u00e9e \u00e0 Montr\u00e9al qui se concentre principalement sur des opportunit\u00e9s d\u2019investissements au sein de petites et moyennes entreprises (PME). Cr\u00e9\u00e9e en 2004 par Pierre Simard, fondateur de Champlain Capital Partners L.P., un fonds de placement priv\u00e9 am\u00e9ricain de 150 millions de $, CFC a b\u00e2ti une portefeuille vari\u00e9 de compagnies, et est continuellement en train d\u2019ajouter \u00e0... Lire la suite &raquo;\" \/>\n<meta property=\"og:url\" content=\"https:\/\/www.champlaincanada.com\/fr\/a-propos\/\" \/>\n<meta property=\"og:site_name\" content=\"Champlain\" \/>\n<meta property=\"article:modified_time\" content=\"2019-10-04T13:43:02+00:00\" \/>\n<meta property=\"og:image\" content=\"https:\/\/www.champlaincanada.com\/wp-content\/uploads\/2016\/09\/about-us.jpg\" \/>\n<meta name=\"twitter:label1\" content=\"Dur\u00e9e de lecture estim\u00e9e\" \/>\n\t<meta name=\"twitter:data1\" content=\"1 minute\" \/>\n<script type=\"application\/ld+json\" class=\"yoast-schema-graph\">{\"@context\":\"https:\/\/schema.org\",\"@graph\":[{\"@type\":\"WebPage\",\"@id\":\"https:\/\/www.champlaincanada.com\/fr\/a-propos\/\",\"url\":\"https:\/\/www.champlaincanada.com\/fr\/a-propos\/\",\"name\":\"\u00c0 propos - Champlain\",\"isPartOf\":{\"@id\":\"https:\/\/www.champlaincanada.com\/#website\"},\"primaryImageOfPage\":{\"@id\":\"https:\/\/www.champlaincanada.com\/fr\/a-propos\/#primaryimage\"},\"image\":{\"@id\":\"https:\/\/www.champlaincanada.com\/fr\/a-propos\/#primaryimage\"},\"thumbnailUrl\":\"https:\/\/www.champlaincanada.com\/wp-content\/uploads\/2016\/09\/about-us.jpg\",\"datePublished\":\"2016-09-06T18:23:51+00:00\",\"dateModified\":\"2019-10-04T13:43:02+00:00\",\"breadcrumb\":{\"@id\":\"https:\/\/www.champlaincanada.com\/fr\/a-propos\/#breadcrumb\"},\"inLanguage\":\"fr-FR\",\"potentialAction\":[{\"@type\":\"ReadAction\",\"target\":[\"https:\/\/www.champlaincanada.com\/fr\/a-propos\/\"]}]},{\"@type\":\"ImageObject\",\"inLanguage\":\"fr-FR\",\"@id\":\"https:\/\/www.champlaincanada.com\/fr\/a-propos\/#primaryimage\",\"url\":\"https:\/\/www.champlaincanada.com\/wp-content\/uploads\/2016\/09\/about-us.jpg\",\"contentUrl\":\"https:\/\/www.champlaincanada.com\/wp-content\/uploads\/2016\/09\/about-us.jpg\"},{\"@type\":\"BreadcrumbList\",\"@id\":\"https:\/\/www.champlaincanada.com\/fr\/a-propos\/#breadcrumb\",\"itemListElement\":[{\"@type\":\"ListItem\",\"position\":1,\"name\":\"Home\",\"item\":\"https:\/\/www.champlaincanada.com\/fr\/\"},{\"@type\":\"ListItem\",\"position\":2,\"name\":\"\u00c0 propos\"}]},{\"@type\":\"WebSite\",\"@id\":\"https:\/\/www.champlaincanada.com\/#website\",\"url\":\"https:\/\/www.champlaincanada.com\/\",\"name\":\"Champlain\",\"description\":\"Website\",\"potentialAction\":[{\"@type\":\"SearchAction\",\"target\":{\"@type\":\"EntryPoint\",\"urlTemplate\":\"https:\/\/www.champlaincanada.com\/?s={search_term_string}\"},\"query-input\":{\"@type\":\"PropertyValueSpecification\",\"valueRequired\":true,\"valueName\":\"search_term_string\"}}],\"inLanguage\":\"fr-FR\"}]}<\/script>\n<!-- \/ Yoast SEO plugin. -->","yoast_head_json":{"title":"\u00c0 propos - Champlain","robots":{"index":"index","follow":"follow","max-snippet":"max-snippet:-1","max-image-preview":"max-image-preview:large","max-video-preview":"max-video-preview:-1"},"canonical":"https:\/\/www.champlaincanada.com\/fr\/a-propos\/","og_locale":"fr_FR","og_type":"article","og_title":"\u00c0 propos - Champlain","og_description":"Historique Corporation Financi\u00e8re Champlain (\u00ab CFC \u00bb) est une soci\u00e9t\u00e9 de placements priv\u00e9s bas\u00e9e \u00e0 Montr\u00e9al qui se concentre principalement sur des opportunit\u00e9s d\u2019investissements au sein de petites et moyennes entreprises (PME). Cr\u00e9\u00e9e en 2004 par Pierre Simard, fondateur de Champlain Capital Partners L.P., un fonds de placement priv\u00e9 am\u00e9ricain de 150 millions de $, CFC a b\u00e2ti une portefeuille vari\u00e9 de compagnies, et est continuellement en train d\u2019ajouter \u00e0... Lire la suite &raquo;","og_url":"https:\/\/www.champlaincanada.com\/fr\/a-propos\/","og_site_name":"Champlain","article_modified_time":"2019-10-04T13:43:02+00:00","og_image":[{"url":"https:\/\/www.champlaincanada.com\/wp-content\/uploads\/2016\/09\/about-us.jpg","type":"","width":"","height":""}],"twitter_misc":{"Dur\u00e9e de lecture estim\u00e9e":"1 minute"},"schema":{"@context":"https:\/\/schema.org","@graph":[{"@type":"WebPage","@id":"https:\/\/www.champlaincanada.com\/fr\/a-propos\/","url":"https:\/\/www.champlaincanada.com\/fr\/a-propos\/","name":"\u00c0 propos - Champlain","isPartOf":{"@id":"https:\/\/www.champlaincanada.com\/#website"},"primaryImageOfPage":{"@id":"https:\/\/www.champlaincanada.com\/fr\/a-propos\/#primaryimage"},"image":{"@id":"https:\/\/www.champlaincanada.com\/fr\/a-propos\/#primaryimage"},"thumbnailUrl":"https:\/\/www.champlaincanada.com\/wp-content\/uploads\/2016\/09\/about-us.jpg","datePublished":"2016-09-06T18:23:51+00:00","dateModified":"2019-10-04T13:43:02+00:00","breadcrumb":{"@id":"https:\/\/www.champlaincanada.com\/fr\/a-propos\/#breadcrumb"},"inLanguage":"fr-FR","potentialAction":[{"@type":"ReadAction","target":["https:\/\/www.champlaincanada.com\/fr\/a-propos\/"]}]},{"@type":"ImageObject","inLanguage":"fr-FR","@id":"https:\/\/www.champlaincanada.com\/fr\/a-propos\/#primaryimage","url":"https:\/\/www.champlaincanada.com\/wp-content\/uploads\/2016\/09\/about-us.jpg","contentUrl":"https:\/\/www.champlaincanada.com\/wp-content\/uploads\/2016\/09\/about-us.jpg"},{"@type":"BreadcrumbList","@id":"https:\/\/www.champlaincanada.com\/fr\/a-propos\/#breadcrumb","itemListElement":[{"@type":"ListItem","position":1,"name":"Home","item":"https:\/\/www.champlaincanada.com\/fr\/"},{"@type":"ListItem","position":2,"name":"\u00c0 propos"}]},{"@type":"WebSite","@id":"https:\/\/www.champlaincanada.com\/#website","url":"https:\/\/www.champlaincanada.com\/","name":"Champlain","description":"Website","potentialAction":[{"@type":"SearchAction","target":{"@type":"EntryPoint","urlTemplate":"https:\/\/www.champlaincanada.com\/?s={search_term_string}"},"query-input":{"@type":"PropertyValueSpecification","valueRequired":true,"valueName":"search_term_string"}}],"inLanguage":"fr-FR"}]}},"_links":{"self":[{"href":"https:\/\/www.champlaincanada.com\/fr\/wp-json\/wp\/v2\/pages\/313","targetHints":{"allow":["GET"]}}],"collection":[{"href":"https:\/\/www.champlaincanada.com\/fr\/wp-json\/wp\/v2\/pages"}],"about":[{"href":"https:\/\/www.champlaincanada.com\/fr\/wp-json\/wp\/v2\/types\/page"}],"author":[{"embeddable":true,"href":"https:\/\/www.champlaincanada.com\/fr\/wp-json\/wp\/v2\/users\/2"}],"replies":[{"embeddable":true,"href":"https:\/\/www.champlaincanada.com\/fr\/wp-json\/wp\/v2\/comments?post=313"}],"version-history":[{"count":27,"href":"https:\/\/www.champlaincanada.com\/fr\/wp-json\/wp\/v2\/pages\/313\/revisions"}],"predecessor-version":[{"id":895,"href":"https:\/\/www.champlaincanada.com\/fr\/wp-json\/wp\/v2\/pages\/313\/revisions\/895"}],"wp:attachment":[{"href":"https:\/\/www.champlaincanada.com\/fr\/wp-json\/wp\/v2\/media?parent=313"}],"curies":[{"name":"wp","href":"https:\/\/api.w.org\/{rel}","templated":true}]}}